{"id":3204,"date":"2022-07-31T12:44:03","date_gmt":"2022-07-31T12:44:03","guid":{"rendered":"https:\/\/theme.madsparrow.me\/most\/?page_id=3"},"modified":"2026-01-28T09:08:06","modified_gmt":"2026-01-28T09:08:06","slug":"impressum","status":"publish","type":"page","link":"https:\/\/aussergewoehnlich-berlin.de\/en\/impressum\/","title":{"rendered":"Impressum"},"content":{"rendered":"<p><strong>Stiftung AusserGew\u00f6hnlich Berlin<\/strong><\/p>\n<p>Rechtsf\u00e4hige Stiftung des b\u00fcrgerlichen Rechts zur F\u00f6rderung <span class=\"s2\">gemeinn\u00fctziger Zwecke mit Sitz in Berlin.<\/span><\/p>\n<p>Gemeinn\u00fctzigkeit anerkannt unter Steuernummer: 27 \/ 643 \/ 06900 F32<br \/>\nFinanzamt f\u00fcr K\u00f6rperschaften I<\/p>\n<p><strong>Aufsichtsbeh\u00f6rde<\/strong><\/p>\n<p class=\"p1\"><span class=\"s1\">Senatsverwaltung f\u00fcr Justiz, Verbraucherschutz und Antidiskriminierung<\/span><\/p>\n<p><strong>Kontaktm\u00f6glichkeit<\/strong><\/p>\n<p>Stiftung AusserGew\u00f6hnlich Berlin<br \/>\nc\/o AusserGew\u00f6hnlich Berlin GmbH & Co. KG<strong><br \/>\n<\/strong><\/p>\n<p>Gneisenaustr. 67<br \/>\nAufgang E<br \/>\n10961 Berlin<\/p>\n<p>T 030 \/ 25 74 16 14<br \/>\nF 030 \/ 94 05 15 38<br \/>\n<a href=\"mailto:contact@aussergewoehnlich-berlin.de\">contact@aussergewoehnlich-berlin.de<\/a><\/p>\n<p>AusserGew\u00f6hnlich Berlin GmbH & Co. KG<br \/>\nwird vertreten durch die pers\u00f6nlich haftende Gesellschafterin Wolf Beteiligungs GmbH, Registergericht: Amtsgericht Charlottenburg, HRB 110395 B.<br \/>\nDiese wiederum wird vertreten durch den Gesch\u00e4ftsf\u00fchrer: Alexander S. Wolf<br \/>\nUmsatzsteuer-Identifikationsnummer gem\u00e4\u00df \u00a7 27 a Umsatzsteuergesetz: DE259410967<\/p>\n<p>Registergericht: Amtsgericht Charlottenburg<br \/>\nRegisternummer: HRA 40435 B<\/p>\n<p>Verantwortliche i.S.d. \u00a7 55 Abs. 2 RStV: Alexander S. Wolf, c\/o AusserGew\u00f6hnlich Berlin GmbH & Co. KG, Gneisenaustra\u00dfe 67, Aufgang E, 10961 Berlin<\/p>\n<p><strong>Impressum \u2013 Rechtliche Hinweise zur Webseite<\/strong><br \/>\nAlle Texte, Bilder und weiter hier ver\u00f6ffentlichten Informationen unterliegen dem Urheberrecht des Anbieters, soweit nicht Urheberrechte Dritter bestehen. In jedem Fall ist eine Vervielf\u00e4ltigung, Verbreitung oder \u00f6ffentliche Wiedergabe ausschlie\u00dflich im Falle einer widerruflichen und nicht \u00fcbertragbaren Zustimmung des Anbieters gestattet.<br \/>\nF\u00fcr alle mittels Querverweis (Link) verbundenen Webinhalte \u00fcbernimmt der Anbieter keine Verantwortung, da es sich hierbei nicht um eigene Inhalte handelt. Die verlinkten Seiten wurden auf rechtswidrige Inhalte \u00fcberpr\u00fcft, zum Zeitpunkt der Verlinkung waren solche nicht erkennbar. Verantwortlich f\u00fcr den Inhalt der verlinkten Seiten ist deren Betreiber. Der Anbieter hat hierzu keine allgemeine \u00dcberwachungs- und Pr\u00fcfungspflicht.<\/p>\n<p>Bei Bekanntwerden einer Rechtsverletzung wird der entsprechende Link jedoch umgehend entfernt.<\/p>","protected":false},"excerpt":{"rendered":"<p>Stiftung AusserGew\u00f6hnlich Berlin Rechtsf\u00e4hige Stiftung des b\u00fcrgerlichen Rechts zur F\u00f6rderung gemeinn\u00fctziger Zwecke mit Sitz in Berlin. Gemeinn\u00fctzigkeit anerkannt unter Steuernummer: 27 \/ 643 \/ [&hellip;]<\/p>\n","protected":false},"author":3,"featured_media":0,"parent":0,"menu_order":0,"comment_status":"closed","ping_status":"open","template":"","meta":{"_acf_changed":false,"_monsterinsights_skip_tracking":false,"_monsterinsights_sitenote_active":false,"_monsterinsights_sitenote_note":"","_monsterinsights_sitenote_category":0,"footnotes":""},"class_list":["post-3204","page","type-page","status-publish","hentry"],"acf":{"full_width":false,"header_transparent":false,"header_white":false},"yoast_head":"<!-- This site is optimized with the Yoast SEO plugin v27.5 - https:\/\/yoast.com\/product\/yoast-seo-wordpress\/ -->\n<title>Impressum - Stiftung AusserGew&ouml;hnlich Berlin<\/title>\n<meta name=\"robots\" content=\"index, follow, max-snippet:-1, max-image-preview:large, max-video-preview:-1\" \/>\n<link rel=\"canonical\" href=\"https:\/\/aussergewoehnlich-berlin.de\/en\/impressum\/\" \/>\n<meta property=\"og:locale\" content=\"en_US\" \/>\n<meta property=\"og:type\" content=\"article\" \/>\n<meta property=\"og:title\" content=\"Impressum - Stiftung AusserGew&ouml;hnlich Berlin\" \/>\n<meta property=\"og:description\" content=\"Stiftung AusserGew\u00f6hnlich Berlin Rechtsf\u00e4hige Stiftung des b\u00fcrgerlichen Rechts zur F\u00f6rderung gemeinn\u00fctziger Zwecke mit Sitz in Berlin. Gemeinn\u00fctzigkeit anerkannt unter Steuernummer: 27 \/ 643 \/ [&hellip;]\" \/>\n<meta property=\"og:url\" content=\"https:\/\/aussergewoehnlich-berlin.de\/en\/impressum\/\" \/>\n<meta property=\"og:site_name\" content=\"Stiftung AusserGew&ouml;hnlich Berlin\" \/>\n<meta property=\"article:modified_time\" content=\"2026-01-28T09:08:06+00:00\" \/>\n<meta name=\"twitter:card\" content=\"summary_large_image\" \/>\n<meta name=\"twitter:label1\" content=\"Est. reading time\" \/>\n\t<meta name=\"twitter:data1\" content=\"2 minutes\" \/>\n<script type=\"application\/ld+json\" class=\"yoast-schema-graph\">{\"@context\":\"https:\\\/\\\/schema.org\",\"@graph\":[{\"@type\":\"WebPage\",\"@id\":\"https:\\\/\\\/aussergewoehnlich-berlin.de\\\/impressum\\\/\",\"url\":\"https:\\\/\\\/aussergewoehnlich-berlin.de\\\/impressum\\\/\",\"name\":\"Impressum - Stiftung AusserGew&ouml;hnlich Berlin\",\"isPartOf\":{\"@id\":\"https:\\\/\\\/aussergewoehnlich-berlin.de\\\/#website\"},\"datePublished\":\"2022-07-31T12:44:03+00:00\",\"dateModified\":\"2026-01-28T09:08:06+00:00\",\"breadcrumb\":{\"@id\":\"https:\\\/\\\/aussergewoehnlich-berlin.de\\\/impressum\\\/#breadcrumb\"},\"inLanguage\":\"en-US\",\"potentialAction\":[{\"@type\":\"ReadAction\",\"target\":[\"https:\\\/\\\/aussergewoehnlich-berlin.de\\\/impressum\\\/\"]}]},{\"@type\":\"BreadcrumbList\",\"@id\":\"https:\\\/\\\/aussergewoehnlich-berlin.de\\\/impressum\\\/#breadcrumb\",\"itemListElement\":[{\"@type\":\"ListItem\",\"position\":1,\"name\":\"Startseite\",\"item\":\"https:\\\/\\\/aussergewoehnlich-berlin.de\\\/\"},{\"@type\":\"ListItem\",\"position\":2,\"name\":\"Impressum\"}]},{\"@type\":\"WebSite\",\"@id\":\"https:\\\/\\\/aussergewoehnlich-berlin.de\\\/#website\",\"url\":\"https:\\\/\\\/aussergewoehnlich-berlin.de\\\/\",\"name\":\"Stiftung AusserGew&ouml;hnlich Berlin\",\"description\":\"\",\"potentialAction\":[{\"@type\":\"SearchAction\",\"target\":{\"@type\":\"EntryPoint\",\"urlTemplate\":\"https:\\\/\\\/aussergewoehnlich-berlin.de\\\/?s={search_term_string}\"},\"query-input\":{\"@type\":\"PropertyValueSpecification\",\"valueRequired\":true,\"valueName\":\"search_term_string\"}}],\"inLanguage\":\"en-US\"}]}<\/script>\n<!-- \/ Yoast SEO plugin. -->","yoast_head_json":{"title":"Impressum - Stiftung AusserGew&ouml;hnlich Berlin","robots":{"index":"index","follow":"follow","max-snippet":"max-snippet:-1","max-image-preview":"max-image-preview:large","max-video-preview":"max-video-preview:-1"},"canonical":"https:\/\/aussergewoehnlich-berlin.de\/en\/impressum\/","og_locale":"en_US","og_type":"article","og_title":"Impressum - Stiftung AusserGew&ouml;hnlich Berlin","og_description":"Stiftung AusserGew\u00f6hnlich Berlin Rechtsf\u00e4hige Stiftung des b\u00fcrgerlichen Rechts zur F\u00f6rderung gemeinn\u00fctziger Zwecke mit Sitz in Berlin. Gemeinn\u00fctzigkeit anerkannt unter Steuernummer: 27 \/ 643 \/ [&hellip;]","og_url":"https:\/\/aussergewoehnlich-berlin.de\/en\/impressum\/","og_site_name":"Stiftung AusserGew&ouml;hnlich Berlin","article_modified_time":"2026-01-28T09:08:06+00:00","twitter_card":"summary_large_image","twitter_misc":{"Est. reading time":"2 minutes"},"schema":{"@context":"https:\/\/schema.org","@graph":[{"@type":"WebPage","@id":"https:\/\/aussergewoehnlich-berlin.de\/impressum\/","url":"https:\/\/aussergewoehnlich-berlin.de\/impressum\/","name":"Impressum - Stiftung AusserGew&ouml;hnlich Berlin","isPartOf":{"@id":"https:\/\/aussergewoehnlich-berlin.de\/#website"},"datePublished":"2022-07-31T12:44:03+00:00","dateModified":"2026-01-28T09:08:06+00:00","breadcrumb":{"@id":"https:\/\/aussergewoehnlich-berlin.de\/impressum\/#breadcrumb"},"inLanguage":"en-US","potentialAction":[{"@type":"ReadAction","target":["https:\/\/aussergewoehnlich-berlin.de\/impressum\/"]}]},{"@type":"BreadcrumbList","@id":"https:\/\/aussergewoehnlich-berlin.de\/impressum\/#breadcrumb","itemListElement":[{"@type":"ListItem","position":1,"name":"Startseite","item":"https:\/\/aussergewoehnlich-berlin.de\/"},{"@type":"ListItem","position":2,"name":"Impressum"}]},{"@type":"WebSite","@id":"https:\/\/aussergewoehnlich-berlin.de\/#website","url":"https:\/\/aussergewoehnlich-berlin.de\/","name":"Stiftung AusserGew&ouml;hnlich Berlin","description":"","potentialAction":[{"@type":"SearchAction","target":{"@type":"EntryPoint","urlTemplate":"https:\/\/aussergewoehnlich-berlin.de\/?s={search_term_string}"},"query-input":{"@type":"PropertyValueSpecification","valueRequired":true,"valueName":"search_term_string"}}],"inLanguage":"en-US"}]}},"_links":{"self":[{"href":"https:\/\/aussergewoehnlich-berlin.de\/en\/wp-json\/wp\/v2\/pages\/3204","targetHints":{"allow":["GET"]}}],"collection":[{"href":"https:\/\/aussergewoehnlich-berlin.de\/en\/wp-json\/wp\/v2\/pages"}],"about":[{"href":"https:\/\/aussergewoehnlich-berlin.de\/en\/wp-json\/wp\/v2\/types\/page"}],"author":[{"embeddable":true,"href":"https:\/\/aussergewoehnlich-berlin.de\/en\/wp-json\/wp\/v2\/users\/3"}],"replies":[{"embeddable":true,"href":"https:\/\/aussergewoehnlich-berlin.de\/en\/wp-json\/wp\/v2\/comments?post=3204"}],"version-history":[{"count":5,"href":"https:\/\/aussergewoehnlich-berlin.de\/en\/wp-json\/wp\/v2\/pages\/3204\/revisions"}],"predecessor-version":[{"id":4433,"href":"https:\/\/aussergewoehnlich-berlin.de\/en\/wp-json\/wp\/v2\/pages\/3204\/revisions\/4433"}],"wp:attachment":[{"href":"https:\/\/aussergewoehnlich-berlin.de\/en\/wp-json\/wp\/v2\/media?parent=3204"}],"curies":[{"name":"wp","href":"https:\/\/api.w.org\/{rel}","templated":true}]}}